{"id":58,"date":"2021-09-08T11:19:29","date_gmt":"2021-09-08T14:19:29","guid":{"rendered":"https:\/\/cbhbaixoparanaiba.meioambiente.go.gov.br\/?page_id=58"},"modified":"2026-01-15T14:33:02","modified_gmt":"2026-01-15T17:33:02","slug":"editais","status":"publish","type":"page","link":"https:\/\/cbhbaixoparanaiba.meioambiente.go.gov.br\/?page_id=58","title":{"rendered":"Editais\/Convoca\u00e7\u00f5es"},"content":{"rendered":"\n<div class=\"wp-block-atomic-blocks-ab-accordion ab-block-accordion\"><details><summary class=\"ab-accordion-title\">Editais<\/summary><div class=\"ab-accordion-text\">\n<p><a href=\"https:\/\/cbhbaixoparanaiba.meioambiente.go.gov.br\/wp-content\/uploads\/2022\/03\/Edital-No-001-2019-Convocacao-Processo-Eleitoral.pdf\" data-type=\"URL\" data-id=\"https:\/\/cbhbaixoparanaiba.meioambiente.go.gov.br\/wp-content\/uploads\/2022\/03\/Edital-No-001-2019-Convocacao-Processo-Eleitoral.pdf\" target=\"_blank\" rel=\"noreferrer noopener\">Edital &#8211; N\u00ba 001-2019 &#8211; Convoca\u00e7\u00e3o Processo Eleitoral<\/a><\/p>\n<\/div><\/details><\/div>\n\n\n\n<div class=\"wp-block-atomic-blocks-ab-accordion ab-block-accordion\"><details><summary class=\"ab-accordion-title\">Convoca\u00e7\u00f5es Ordin\u00e1rias<\/summary><div class=\"ab-accordion-text\">\n<div class=\"wp-block-atomic-blocks-ab-accordion ab-block-accordion\"><details><summary class=\"ab-accordion-title\">2025<\/summary><div class=\"ab-accordion-text\">\n<p><a href=\"https:\/\/cbhbaixoparanaiba.meioambiente.go.gov.br\/wp-content\/uploads\/2026\/01\/Convocacao-para-37a-Reuniao-Ordinaria-do-CBH-dos-Afluentes-Goianos-do-Baixo-Paranaiba.pdf\" data-type=\"link\" data-id=\"https:\/\/cbhbaixoparanaiba.meioambiente.go.gov.br\/wp-content\/uploads\/2026\/01\/Convocacao-para-37a-Reuniao-Ordinaria-do-CBH-dos-Afluentes-Goianos-do-Baixo-Paranaiba.pdf\">37\u00aa Convoca\u00e7\u00e3o ORDIN\u00c1RIA &#8211; Outubro &#8211; 2025<\/a><\/p>\n\n\n\n<p><a href=\"https:\/\/cbhbaixoparanaiba.meioambiente.go.gov.br\/wp-content\/uploads\/2025\/02\/Convocacao-para-36a-Reuniao-Ordinaria-do-CBH-dos-Afluentes-Goianos-do-Baixo-Paranaiba.pdf\" data-type=\"link\" data-id=\"https:\/\/cbhbaixoparanaiba.meioambiente.go.gov.br\/wp-content\/uploads\/2025\/02\/Convocacao-para-36a-Reuniao-Ordinaria-do-CBH-dos-Afluentes-Goianos-do-Baixo-Paranaiba.pdf\">36\u00aa Convoca\u00e7\u00e3o ORDIN\u00c1RIA &#8211; Janeiro &#8211; 2025<\/a><\/p>\n\n\n\n<p><\/p>\n<\/div><\/details><\/div>\n\n\n\n<div class=\"wp-block-atomic-blocks-ab-accordion ab-block-accordion\"><details><summary class=\"ab-accordion-title\">2024<\/summary><div class=\"ab-accordion-text\">\n<p><a href=\"https:\/\/cbhbaixoparanaiba.meioambiente.go.gov.br\/wp-content\/uploads\/2024\/12\/Convocacao-para-35a-Reuniao-Ordinaria-do-CBH-dos-Afluentes-Goianos-do-Baixo-Paranaiba.docx.pdf\" data-type=\"link\" data-id=\"https:\/\/cbhbaixoparanaiba.meioambiente.go.gov.br\/wp-content\/uploads\/2024\/12\/Convocacao-para-35a-Reuniao-Ordinaria-do-CBH-dos-Afluentes-Goianos-do-Baixo-Paranaiba.docx.pdf\">35\u00aa Convoca\u00e7\u00e3o ORDIN\u00c1RIA<\/a><\/p>\n\n\n\n<p><a href=\"https:\/\/cbhbaixoparanaiba.meioambiente.go.gov.br\/wp-content\/uploads\/2024\/09\/Convocacao-para-34a-Reuniao-Ordinaria-do-CBH-dos-Afluentes-Goianos-do-Baixo-Paranaiba-certa.pdf\" data-type=\"link\" data-id=\"https:\/\/cbhbaixoparanaiba.meioambiente.go.gov.br\/wp-content\/uploads\/2024\/09\/Convocacao-para-34a-Reuniao-Ordinaria-do-CBH-dos-Afluentes-Goianos-do-Baixo-Paranaiba-certa.pdf\">34\u00aa Convoca\u00e7\u00e3o ORDIN\u00c1RIA<\/a><\/p>\n\n\n\n<p><\/p>\n<\/div><\/details><\/div>\n\n\n\n<div class=\"wp-block-atomic-blocks-ab-accordion ab-block-accordion\"><details><summary class=\"ab-accordion-title\">2023<\/summary><div class=\"ab-accordion-text\">\n<p><a href=\"https:\/\/cbhbaixoparanaiba.meioambiente.go.gov.br\/wp-content\/uploads\/2023\/03\/Convocacao-33a-Reuniao-Ordinaria-CBH-Baixo-P.pdf\" data-type=\"URL\" data-id=\"https:\/\/cbhbaixoparanaiba.meioambiente.go.gov.br\/wp-content\/uploads\/2023\/03\/Convocacao-33a-Reuniao-Ordinaria-CBH-Baixo-P.pdf\" target=\"_blank\" rel=\"noreferrer noopener\">33\u00aa Convoca\u00e7\u00e3o ORDIN\u00c1RIA<\/a><\/p>\n\n\n\n<p><\/p>\n\n\n\n<p><\/p>\n<\/div><\/details><\/div>\n\n\n\n<div class=\"wp-block-atomic-blocks-ab-accordion ab-block-accordion\"><details><summary class=\"ab-accordion-title\">2022<\/summary><div class=\"ab-accordion-text\">\n<p><a href=\"https:\/\/cbhbaixoparanaiba.meioambiente.go.gov.br\/wp-content\/uploads\/2022\/10\/Convocacao-32a-Reuniao-Ordinaria-CBH-Baixo-Paranaiba.pdf\" data-type=\"URL\" data-id=\"https:\/\/cbhbaixoparanaiba.meioambiente.go.gov.br\/wp-content\/uploads\/2022\/10\/Convocacao-32a-Reuniao-Ordinaria-CBH-Baixo-Paranaiba.pdf\" target=\"_blank\" rel=\"noreferrer noopener\">32\u00aa Convoca\u00e7\u00e3o ORDIN\u00c1RIA<\/a><\/p>\n\n\n\n<p><a rel=\"noreferrer noopener\" href=\"https:\/\/cbhbaixoparanaiba.meioambiente.go.gov.br\/wp-content\/uploads\/2022\/04\/31a-Convocacao-ORDINARIA-Baixo-Paranaiba-04.05.22.pdf\" data-type=\"URL\" data-id=\"https:\/\/cbhbaixoparanaiba.meioambiente.go.gov.br\/wp-content\/uploads\/2022\/04\/31a-Convocacao-ORDINARIA-Baixo-Paranaiba-04.05.22.pdf\" target=\"_blank\">31\u00aa Convoca\u00e7\u00e3o ORDIN\u00c1RIA<\/a><\/p>\n\n\n\n<p><\/p>\n<\/div><\/details><\/div>\n\n\n\n<div class=\"wp-block-atomic-blocks-ab-accordion ab-block-accordion\"><details><summary class=\"ab-accordion-title\">2021<\/summary><div class=\"ab-accordion-text\">\n<p><a href=\"https:\/\/cbhbaixoparanaiba.meioambiente.go.gov.br\/wp-content\/uploads\/2022\/04\/30a-Convocacao-ORDINARIA-NOVEMBRO2021.pdf\" data-type=\"URL\" data-id=\"https:\/\/cbhbaixoparanaiba.meioambiente.go.gov.br\/wp-content\/uploads\/2022\/04\/30a-Convocacao-ORDINARIA-NOVEMBRO2021.pdf\" target=\"_blank\" rel=\"noreferrer noopener\">30\u00aa Convoca\u00e7\u00e3o ORDIN\u00c1RIA &#8211; NOVEMBRO2021<\/a><\/p>\n\n\n\n<p><a rel=\"noreferrer noopener\" href=\"https:\/\/cbhbaixoparanaiba.meioambiente.go.gov.br\/wp-content\/uploads\/2022\/03\/29a-Convocacao-ORDINARIA-MARCO2021.pdf\" data-type=\"URL\" data-id=\"https:\/\/cbhbaixoparanaiba.meioambiente.go.gov.br\/wp-content\/uploads\/2022\/03\/29a-Convocacao-ORDINARIA-MARCO2021.pdf\" target=\"_blank\">29\u00aa Convoca\u00e7\u00e3o ORDIN\u00c1RIA &#8211; MAR\u00c7O2021<\/a><\/p>\n<\/div><\/details><\/div>\n\n\n\n<div class=\"wp-block-atomic-blocks-ab-accordion ab-block-accordion\"><details><summary class=\"ab-accordion-title\">2020<\/summary><div class=\"ab-accordion-text\">\n<p><a href=\"https:\/\/cbhbaixoparanaiba.meioambiente.go.gov.br\/wp-content\/uploads\/2022\/03\/28a-Convocacao-ORDINARIA-NOVEMBRO2020.pdf\" data-type=\"URL\" data-id=\"https:\/\/cbhbaixoparanaiba.meioambiente.go.gov.br\/wp-content\/uploads\/2022\/03\/28a-Convocacao-ORDINARIA-NOVEMBRO2020.pdf\" target=\"_blank\" rel=\"noreferrer noopener\">28\u00aa Convoca\u00e7\u00e3o ORDIN\u00c1RIA &#8211; NOVEMBRO2020<\/a><\/p>\n\n\n\n<p><a href=\"https:\/\/cbhbaixoparanaiba.meioambiente.go.gov.br\/wp-content\/uploads\/2022\/03\/27a-Convocacao-ORDINARIA-OUTUBRO2020.pdf\" data-type=\"URL\" data-id=\"https:\/\/cbhbaixoparanaiba.meioambiente.go.gov.br\/wp-content\/uploads\/2022\/03\/27a-Convocacao-ORDINARIA-OUTUBRO2020.pdf\" target=\"_blank\" rel=\"noreferrer noopener\">27\u00aa Convoca\u00e7\u00e3o ORDIN\u00c1RIA &#8211; OUTUBRO2020<\/a><\/p>\n\n\n\n<p><a href=\"https:\/\/cbhbaixoparanaiba.meioambiente.go.gov.br\/wp-content\/uploads\/2022\/03\/26a-Convocacao-ORDINARIA-AGOSTO2020.pdf\" data-type=\"URL\" data-id=\"https:\/\/cbhbaixoparanaiba.meioambiente.go.gov.br\/wp-content\/uploads\/2022\/03\/26a-Convocacao-ORDINARIA-AGOSTO2020.pdf\" target=\"_blank\" rel=\"noreferrer noopener\">26\u00aa Convoca\u00e7\u00e3o ORDIN\u00c1RIA &#8211; AGOSTO2020<\/a><\/p>\n\n\n\n<p><a href=\"https:\/\/cbhbaixoparanaiba.meioambiente.go.gov.br\/wp-content\/uploads\/2022\/03\/25a-Convocacao-ORDINARIA-FEVEREIRO2020.pdf\" data-type=\"URL\" data-id=\"https:\/\/cbhbaixoparanaiba.meioambiente.go.gov.br\/wp-content\/uploads\/2022\/03\/25a-Convocacao-ORDINARIA-FEVEREIRO2020.pdf\" target=\"_blank\" rel=\"noreferrer noopener\">25\u00aa Convoca\u00e7\u00e3o ORDIN\u00c1RIA &#8211; FEVEREIRO2020<\/a><\/p>\n\n\n\n<p><a href=\"https:\/\/cbhbaixoparanaiba.meioambiente.go.gov.br\/wp-content\/uploads\/2022\/03\/24a-Convocacao-ORDINARIA-JANEIRO2020.pdf\" data-type=\"URL\" data-id=\"https:\/\/cbhbaixoparanaiba.meioambiente.go.gov.br\/wp-content\/uploads\/2022\/03\/24a-Convocacao-ORDINARIA-JANEIRO2020.pdf\" target=\"_blank\" rel=\"noreferrer noopener\">24\u00aa Convoca\u00e7\u00e3o ORDIN\u00c1RIA &#8211; JANEIRO2020<\/a><\/p>\n<\/div><\/details><\/div>\n\n\n\n<div class=\"wp-block-atomic-blocks-ab-accordion ab-block-accordion\"><details><summary class=\"ab-accordion-title\">2019<\/summary><div class=\"ab-accordion-text\">\n<p><a href=\"https:\/\/cbhbaixoparanaiba.meioambiente.go.gov.br\/wp-content\/uploads\/2023\/01\/Convocacao-da-23a-Reuniao-Ordinaria-CBH-Baixo-Paranaiba.pdf\" data-type=\"URL\" data-id=\"https:\/\/cbhbaixoparanaiba.meioambiente.go.gov.br\/wp-content\/uploads\/2023\/01\/Convocacao-da-23a-Reuniao-Ordinaria-CBH-Baixo-Paranaiba.pdf\" target=\"_blank\" rel=\"noreferrer noopener\">23\u00aa Convoca\u00e7\u00e3o ORDIN\u00c1RIA &#8211; SETEMBRO2019<\/a><\/p>\n\n\n\n<p><a rel=\"noreferrer noopener\" href=\"https:\/\/cbhbaixoparanaiba.meioambiente.go.gov.br\/wp-content\/uploads\/2022\/03\/22a-Convocacao-ORDINARIA-JULHO2019.pdf\" data-type=\"URL\" data-id=\"https:\/\/cbhbaixoparanaiba.meioambiente.go.gov.br\/wp-content\/uploads\/2022\/03\/22a-Convocacao-ORDINARIA-JULHO2019.pdf\" target=\"_blank\">22\u00aa Convoca\u00e7\u00e3o ORDIN\u00c1RIA &#8211; JULHO2019<\/a><\/p>\n\n\n\n<p><a href=\"https:\/\/cbhbaixoparanaiba.meioambiente.go.gov.br\/wp-content\/uploads\/2022\/03\/21a-Convocacao-ORDINARIA-MAIO2019.pdf\" data-type=\"URL\" data-id=\"https:\/\/cbhbaixoparanaiba.meioambiente.go.gov.br\/wp-content\/uploads\/2022\/03\/21a-Convocacao-ORDINARIA-MAIO2019.pdf\" target=\"_blank\" rel=\"noreferrer noopener\">21\u00aa Convoca\u00e7\u00e3o ORDIN\u00c1RIA &#8211; MAIO2019<\/a><\/p>\n\n\n\n<p><a href=\"https:\/\/cbhbaixoparanaiba.meioambiente.go.gov.br\/wp-content\/uploads\/2022\/03\/20a-Convocacao-ORDINARIA-FEVEREIRO2019.pdf\" data-type=\"URL\" data-id=\"https:\/\/cbhbaixoparanaiba.meioambiente.go.gov.br\/wp-content\/uploads\/2022\/03\/20a-Convocacao-ORDINARIA-FEVEREIRO2019.pdf\" target=\"_blank\" rel=\"noreferrer noopener\">20\u00aa Convoca\u00e7\u00e3o ORDIN\u00c1RIA &#8211; FEVEREIRO2019<\/a><\/p>\n<\/div><\/details><\/div>\n\n\n\n<div class=\"wp-block-atomic-blocks-ab-accordion ab-block-accordion\"><details><summary class=\"ab-accordion-title\">2018<\/summary><div class=\"ab-accordion-text\">\n<p><a href=\"https:\/\/cbhbaixoparanaiba.meioambiente.go.gov.br\/wp-content\/uploads\/2022\/03\/19a-Convocacao-ORDINARIA-DEZEMBRO2018.pdf\" data-type=\"URL\" data-id=\"https:\/\/cbhbaixoparanaiba.meioambiente.go.gov.br\/wp-content\/uploads\/2022\/03\/19a-Convocacao-ORDINARIA-DEZEMBRO2018.pdf\" target=\"_blank\" rel=\"noreferrer noopener\">19\u00aa Convoca\u00e7\u00e3o ORDIN\u00c1RIA &#8211; DEZEMBRO2018<\/a><\/p>\n\n\n\n<p><a href=\"https:\/\/cbhbaixoparanaiba.meioambiente.go.gov.br\/wp-content\/uploads\/2022\/03\/18a-Convocacao-ORDINARIA-OUTUBRO2018.pdf\" data-type=\"URL\" data-id=\"https:\/\/cbhbaixoparanaiba.meioambiente.go.gov.br\/wp-content\/uploads\/2022\/03\/18a-Convocacao-ORDINARIA-OUTUBRO2018.pdf\" target=\"_blank\" rel=\"noreferrer noopener\">18\u00aa Convoca\u00e7\u00e3o ORDIN\u00c1RIA &#8211; OUTUBRO2018<\/a><\/p>\n\n\n\n<p><a href=\"https:\/\/cbhbaixoparanaiba.meioambiente.go.gov.br\/wp-content\/uploads\/2022\/03\/17a-Convocacao-ORDINARIA-AGOSTO2018.pdf\" data-type=\"URL\" data-id=\"https:\/\/cbhbaixoparanaiba.meioambiente.go.gov.br\/wp-content\/uploads\/2022\/03\/17a-Convocacao-ORDINARIA-AGOSTO2018.pdf\" target=\"_blank\" rel=\"noreferrer noopener\">17\u00aa Convoca\u00e7\u00e3o ORDIN\u00c1RIA &#8211; AGOSTO2018<\/a><\/p>\n\n\n\n<p><a href=\"https:\/\/cbhbaixoparanaiba.meioambiente.go.gov.br\/wp-content\/uploads\/2022\/03\/16a-Convocacao-ORDINARIA-FEVEREIRO2018.pdf\" data-type=\"URL\" data-id=\"https:\/\/cbhbaixoparanaiba.meioambiente.go.gov.br\/wp-content\/uploads\/2022\/03\/16a-Convocacao-ORDINARIA-FEVEREIRO2018.pdf\" target=\"_blank\" rel=\"noreferrer noopener\">16\u00aa Convoca\u00e7\u00e3o ORDIN\u00c1RIA &#8211; FEVEREIRO2018<\/a><\/p>\n<\/div><\/details><\/div>\n\n\n\n<div class=\"wp-block-atomic-blocks-ab-accordion ab-block-accordion\"><details><summary class=\"ab-accordion-title\">2017<\/summary><div class=\"ab-accordion-text\">\n<p><a href=\"https:\/\/cbhbaixoparanaiba.meioambiente.go.gov.br\/wp-content\/uploads\/2022\/03\/15a-Convocacao-ORDINARIA-DEZEMBRO2017.pdf\" data-type=\"URL\" data-id=\"https:\/\/cbhbaixoparanaiba.meioambiente.go.gov.br\/wp-content\/uploads\/2022\/03\/15a-Convocacao-ORDINARIA-DEZEMBRO2017.pdf\" target=\"_blank\" rel=\"noreferrer noopener\">15\u00aa Convoca\u00e7\u00e3o ORDIN\u00c1RIA &#8211; DEZEMBRO2017<\/a><\/p>\n\n\n\n<p><a href=\"https:\/\/cbhbaixoparanaiba.meioambiente.go.gov.br\/wp-content\/uploads\/2022\/03\/14a-Convocacao-ORDINARIA-OUTUBRO2017.pdf\" data-type=\"URL\" data-id=\"https:\/\/cbhbaixoparanaiba.meioambiente.go.gov.br\/wp-content\/uploads\/2022\/03\/14a-Convocacao-ORDINARIA-OUTUBRO2017.pdf\" target=\"_blank\" rel=\"noreferrer noopener\">14\u00aa Convoca\u00e7\u00e3o ORDIN\u00c1RIA &#8211; OUTUBRO2017<\/a><\/p>\n\n\n\n<p><a href=\"https:\/\/cbhbaixoparanaiba.meioambiente.go.gov.br\/wp-content\/uploads\/2022\/03\/13a-Convocacao-ORDINARIA-AGOSTO2017.pdf\" data-type=\"URL\" data-id=\"https:\/\/cbhbaixoparanaiba.meioambiente.go.gov.br\/wp-content\/uploads\/2022\/03\/13a-Convocacao-ORDINARIA-AGOSTO2017.pdf\" target=\"_blank\" rel=\"noreferrer noopener\">13\u00aa Convoca\u00e7\u00e3o ORDIN\u00c1RIA &#8211; AGOSTO2017<\/a><\/p>\n\n\n\n<p><a href=\"https:\/\/cbhbaixoparanaiba.meioambiente.go.gov.br\/wp-content\/uploads\/2022\/03\/12a-Convocacao-ORDINARIA-JUNHO2017.pdf\" data-type=\"URL\" data-id=\"https:\/\/cbhbaixoparanaiba.meioambiente.go.gov.br\/wp-content\/uploads\/2022\/03\/12a-Convocacao-ORDINARIA-JUNHO2017.pdf\" target=\"_blank\" rel=\"noreferrer noopener\">12\u00aa Convoca\u00e7\u00e3o ORDIN\u00c1RIA &#8211; JUNHO2017<\/a><\/p>\n\n\n\n<p><a href=\"https:\/\/cbhbaixoparanaiba.meioambiente.go.gov.br\/wp-content\/uploads\/2022\/03\/11a-Convocacao-ORDINARIA-MARCO2017.pdf\" data-type=\"URL\" data-id=\"https:\/\/cbhbaixoparanaiba.meioambiente.go.gov.br\/wp-content\/uploads\/2022\/03\/11a-Convocacao-ORDINARIA-MARCO2017.pdf\" target=\"_blank\" rel=\"noreferrer noopener\">11\u00aa Convoca\u00e7\u00e3o ORDIN\u00c1RIA &#8211; MAR\u00c7O2017<\/a><\/p>\n\n\n\n<p><a href=\"https:\/\/cbhbaixoparanaiba.meioambiente.go.gov.br\/wp-content\/uploads\/2022\/03\/10a-Convocacao-ORDINARIA-FEVEREIRO2017.pdf\" data-type=\"URL\" data-id=\"https:\/\/cbhbaixoparanaiba.meioambiente.go.gov.br\/wp-content\/uploads\/2022\/03\/10a-Convocacao-ORDINARIA-FEVEREIRO2017.pdf\" target=\"_blank\" rel=\"noreferrer noopener\">10\u00aa Convoca\u00e7\u00e3o ORDIN\u00c1RIA &#8211; FEVEREIRO2017<\/a><\/p>\n<\/div><\/details><\/div>\n\n\n\n<div class=\"wp-block-atomic-blocks-ab-accordion ab-block-accordion\"><details><summary class=\"ab-accordion-title\">2016<\/summary><div class=\"ab-accordion-text\">\n<p><a href=\"https:\/\/cbhbaixoparanaiba.meioambiente.go.gov.br\/wp-content\/uploads\/2022\/03\/9a-Convocacao-ORDINARIA-NOVEMBRO2016.pdf\" data-type=\"URL\" data-id=\"https:\/\/cbhbaixoparanaiba.meioambiente.go.gov.br\/wp-content\/uploads\/2022\/03\/9a-Convocacao-ORDINARIA-NOVEMBRO2016.pdf\" target=\"_blank\" rel=\"noreferrer noopener\">9\u00aa Convoca\u00e7\u00e3o ORDIN\u00c1RIA &#8211; NOVEMBRO2016<\/a><\/p>\n\n\n\n<p><a href=\"https:\/\/cbhbaixoparanaiba.meioambiente.go.gov.br\/wp-content\/uploads\/2022\/03\/8a-Convocacao-ORDINARIA-AGOSTO2016.pdf\" data-type=\"URL\" data-id=\"https:\/\/cbhbaixoparanaiba.meioambiente.go.gov.br\/wp-content\/uploads\/2022\/03\/8a-Convocacao-ORDINARIA-AGOSTO2016.pdf\" target=\"_blank\" rel=\"noreferrer noopener\">8\u00aa Convoca\u00e7\u00e3o ORDIN\u00c1RIA &#8211; AGOSTO2016<\/a><\/p>\n\n\n\n<p><a rel=\"noreferrer noopener\" href=\"https:\/\/cbhbaixoparanaiba.meioambiente.go.gov.br\/wp-content\/uploads\/2022\/03\/7a-Convocacao-ORDINARIA-JUNHO2016.pdf\" data-type=\"URL\" data-id=\"https:\/\/cbhbaixoparanaiba.meioambiente.go.gov.br\/wp-content\/uploads\/2022\/03\/7a-Convocacao-ORDINARIA-JUNHO2016.pdf\" target=\"_blank\">7\u00aa Convoca\u00e7\u00e3o ORDIN\u00c1RIA &#8211; JUNHO2016<\/a><\/p>\n\n\n\n<p><a href=\"https:\/\/cbhbaixoparanaiba.meioambiente.go.gov.br\/wp-content\/uploads\/2023\/01\/5a-Convocacao-ORDINARIA-FEVEREIRO2016.pdf\" data-type=\"URL\" data-id=\"https:\/\/cbhbaixoparanaiba.meioambiente.go.gov.br\/wp-content\/uploads\/2023\/01\/5a-Convocacao-ORDINARIA-FEVEREIRO2016.pdf\" target=\"_blank\" rel=\"noreferrer noopener\">5\u00aa Convoca\u00e7\u00e3o ORDIN\u00c1RIA &#8211; FEVEREIRO2016<\/a><\/p>\n\n\n\n<p><a rel=\"noreferrer noopener\" href=\"https:\/\/cbhbaixoparanaiba.meioambiente.go.gov.br\/wp-content\/uploads\/2023\/01\/CONVOCACAO-4a-Reuniao-Ordinaria.pdf\" data-type=\"URL\" data-id=\"https:\/\/cbhbaixoparanaiba.meioambiente.go.gov.br\/wp-content\/uploads\/2023\/01\/CONVOCACAO-4a-Reuniao-Ordinaria.pdf\" target=\"_blank\">4\u00aa Convoca\u00e7\u00e3o ORDIN\u00c1RIA &#8211; AGOSTO2016<\/a><\/p>\n<\/div><\/details><\/div>\n<\/div><\/details><\/div>\n\n\n\n<div class=\"wp-block-atomic-blocks-ab-accordion ab-block-accordion\"><details><summary class=\"ab-accordion-title\">Convoca\u00e7\u00f5es Extraordin\u00e1rias<\/summary><div class=\"ab-accordion-text\">\n<div class=\"wp-block-atomic-blocks-ab-accordion ab-block-accordion\"><details><summary class=\"ab-accordion-title\">2025<\/summary><div class=\"ab-accordion-text\">\n<p><a href=\"https:\/\/cbhbaixoparanaiba.meioambiente.go.gov.br\/wp-content\/uploads\/2025\/06\/Convocacao_para_10-Reuniao_Extraordinaria_do_CBH_dos_Afluentes_Goianos_do_Baixo_Paranaiba_assinado.pdf\" data-type=\"link\" data-id=\"https:\/\/cbhbaixoparanaiba.meioambiente.go.gov.br\/wp-content\/uploads\/2025\/06\/Convocacao_para_10-Reuniao_Extraordinaria_do_CBH_dos_Afluentes_Goianos_do_Baixo_Paranaiba_assinado.pdf\">10\u00aa Convoca\u00e7\u00e3o EXTRAORDIN\u00c1RIA &#8211; 2025<\/a><\/p>\n<\/div><\/details><\/div>\n\n\n\n<div class=\"wp-block-atomic-blocks-ab-accordion ab-block-accordion\"><details><summary class=\"ab-accordion-title\">2024<\/summary><div class=\"ab-accordion-text\">\n<p><a href=\"https:\/\/cbhbaixoparanaiba.meioambiente.go.gov.br\/wp-content\/uploads\/2024\/09\/Convocacao-para-9a-Reuniao-Extraordinaria-do-CBH-dos-Afluentes-Goianos-do-Baixo-Paranaiba.pdf\" data-type=\"link\" data-id=\"https:\/\/cbhbaixoparanaiba.meioambiente.go.gov.br\/wp-content\/uploads\/2024\/09\/Convocacao-para-9a-Reuniao-Extraordinaria-do-CBH-dos-Afluentes-Goianos-do-Baixo-Paranaiba.pdf\" target=\"_blank\" rel=\"noreferrer noopener\">9\u00aa Convoca\u00e7\u00e3o EXTRAORDIN\u00c1RIA &#8211; 2024<\/a><\/p>\n\n\n\n<p><a href=\"https:\/\/cbhbaixoparanaiba.meioambiente.go.gov.br\/wp-content\/uploads\/2024\/06\/Convocacao-para-8a-Reuniao-Extraordinaria-do-CBH-dos-Afluentes-Goianos-do-Baixo-Paranaiba.pdf\" data-type=\"link\" data-id=\"https:\/\/cbhbaixoparanaiba.meioambiente.go.gov.br\/wp-content\/uploads\/2024\/06\/Convocacao-para-8a-Reuniao-Extraordinaria-do-CBH-dos-Afluentes-Goianos-do-Baixo-Paranaiba.pdf\" target=\"_blank\" rel=\"noreferrer noopener\">8\u00aa Convoca\u00e7\u00e3o EXTRAORDIN\u00c1RIA &#8211; 2024<\/a><\/p>\n<\/div><\/details><\/div>\n\n\n\n<div class=\"wp-block-atomic-blocks-ab-accordion ab-block-accordion\"><details><summary class=\"ab-accordion-title\">2023<\/summary><div class=\"ab-accordion-text\">\n<p><a href=\"https:\/\/cbhbaixoparanaiba.meioambiente.go.gov.br\/wp-content\/uploads\/2023\/08\/Convocacao-para-7a-Reuniao-Extraordinaria-do-CBH-dos-Afluentes-Goianos-do-Baixo-Paranaiba.pdf\" data-type=\"URL\" data-id=\"https:\/\/cbhbaixoparanaiba.meioambiente.go.gov.br\/wp-content\/uploads\/2023\/08\/Convocacao-para-7a-Reuniao-Extraordinaria-do-CBH-dos-Afluentes-Goianos-do-Baixo-Paranaiba.pdf\" target=\"_blank\" rel=\"noreferrer noopener\">7\u00aa Convoca\u00e7\u00e3o EXTRAORDIN\u00c1RIA &#8211; 2023<\/a><\/p>\n<\/div><\/details><\/div>\n\n\n\n<div class=\"wp-block-atomic-blocks-ab-accordion ab-block-accordion\"><details><summary class=\"ab-accordion-title\">2022<\/summary><div class=\"ab-accordion-text\">\n<p><a href=\"https:\/\/cbhbaixoparanaiba.meioambiente.go.gov.br\/wp-content\/uploads\/2022\/03\/6a-Convocacao-EXTRAORDINARIA-2022.pdf\" data-type=\"URL\" data-id=\"https:\/\/cbhbaixoparanaiba.meioambiente.go.gov.br\/wp-content\/uploads\/2022\/03\/6a-Convocacao-EXTRAORDINARIA-2022.pdf\" target=\"_blank\" rel=\"noreferrer noopener\">6\u00aa Convoca\u00e7\u00e3o EXTRAORDIN\u00c1RIA &#8211; 2022<\/a><\/p>\n<\/div><\/details><\/div>\n\n\n\n<div class=\"wp-block-atomic-blocks-ab-accordion ab-block-accordion\"><details><summary class=\"ab-accordion-title\">2021<\/summary><div class=\"ab-accordion-text\">\n<p><a href=\"https:\/\/cbhbaixoparanaiba.meioambiente.go.gov.br\/wp-content\/uploads\/2022\/03\/5a-Convocacao-EXTRAORDINARIA-2021.pdf\" data-type=\"URL\" data-id=\"https:\/\/cbhbaixoparanaiba.meioambiente.go.gov.br\/wp-content\/uploads\/2022\/03\/5a-Convocacao-EXTRAORDINARIA-2021.pdf\" target=\"_blank\" rel=\"noreferrer noopener\">5\u00aa Convoca\u00e7\u00e3o EXTRAORDIN\u00c1RIA &#8211; 2021<\/a><\/p>\n\n\n\n<p><a href=\"https:\/\/cbhbaixoparanaiba.meioambiente.go.gov.br\/wp-content\/uploads\/2022\/03\/4a-Convocacao-EXTRAORDINARIA-2021.pdf\" data-type=\"URL\" data-id=\"https:\/\/cbhbaixoparanaiba.meioambiente.go.gov.br\/wp-content\/uploads\/2022\/03\/4a-Convocacao-EXTRAORDINARIA-2021.pdf\" target=\"_blank\" rel=\"noreferrer noopener\">4\u00aa Convoca\u00e7\u00e3o EXTRAORDIN\u00c1RIA &#8211; 2021<\/a><\/p>\n\n\n\n<p><a href=\"https:\/\/cbhbaixoparanaiba.meioambiente.go.gov.br\/wp-content\/uploads\/2022\/03\/3a-Convocacao-EXTRAORDINARIA-2021.pdf\" data-type=\"URL\" data-id=\"https:\/\/cbhbaixoparanaiba.meioambiente.go.gov.br\/wp-content\/uploads\/2022\/03\/3a-Convocacao-EXTRAORDINARIA-2021.pdf\" target=\"_blank\" rel=\"noreferrer noopener\">3\u00aa Convoca\u00e7\u00e3o EXTRAORDIN\u00c1RIA &#8211; 2021<\/a><\/p>\n\n\n\n<p><a href=\"https:\/\/cbhbaixoparanaiba.meioambiente.go.gov.br\/wp-content\/uploads\/2022\/03\/2a-Convocacao-EXTRAORDINARIA-2021.pdf\" data-type=\"URL\" data-id=\"https:\/\/cbhbaixoparanaiba.meioambiente.go.gov.br\/wp-content\/uploads\/2022\/03\/2a-Convocacao-EXTRAORDINARIA-2021.pdf\" target=\"_blank\" rel=\"noreferrer noopener\">2\u00aa Convoca\u00e7\u00e3o EXTRAORDIN\u00c1RIA &#8211; 2021<\/a><\/p>\n\n\n\n<p><a href=\"https:\/\/cbhbaixoparanaiba.meioambiente.go.gov.br\/wp-content\/uploads\/2022\/03\/1a-Convocacao-EXTRAORDINARIA-2021.pdf\" data-type=\"URL\" data-id=\"https:\/\/cbhbaixoparanaiba.meioambiente.go.gov.br\/wp-content\/uploads\/2022\/03\/1a-Convocacao-EXTRAORDINARIA-2021.pdf\" target=\"_blank\" rel=\"noreferrer noopener\">1\u00aa Convoca\u00e7\u00e3o EXTRAORDIN\u00c1RIA &#8211; 2021<\/a><\/p>\n<\/div><\/details><\/div>\n<\/div><\/details><\/div>\n\n\n\n<div class=\"wp-block-atomic-blocks-ab-accordion ab-block-accordion\"><details><summary class=\"ab-accordion-title\">Convoca\u00e7\u00f5es Reuni\u00e3o Conjunta<\/summary><div class=\"ab-accordion-text\">\n<p><a href=\"https:\/\/cbhbaixoparanaiba.meioambiente.go.gov.br\/wp-content\/uploads\/2024\/06\/1a-Reuniao-Conjunta-dos-CBHs-Goianos.pdf\" data-type=\"link\" data-id=\"https:\/\/cbhbaixoparanaiba.meioambiente.go.gov.br\/wp-content\/uploads\/2024\/06\/1a-Reuniao-Conjunta-dos-CBHs-Goianos.pdf\" target=\"_blank\" rel=\"noreferrer noopener\">1\u00aa Reuni\u00e3o Extraordin\u00e1ria Conjunta dos CBHs Goianos<\/a><\/p>\n<\/div><\/details><\/div>\n","protected":false},"excerpt":{"rendered":"","protected":false},"author":2,"featured_media":0,"parent":0,"menu_order":0,"comment_status":"closed","ping_status":"closed","template":"general-template.php","meta":{"footnotes":""},"class_list":["post-58","page","type-page","status-publish","hentry"],"featured_image_src":null,"featured_image_src_square":null,"jetpack_sharing_enabled":true,"_links":{"self":[{"href":"https:\/\/cbhbaixoparanaiba.meioambiente.go.gov.br\/index.php?rest_route=\/wp\/v2\/pages\/58","targetHints":{"allow":["GET"]}}],"collection":[{"href":"https:\/\/cbhbaixoparanaiba.meioambiente.go.gov.br\/index.php?rest_route=\/wp\/v2\/pages"}],"about":[{"href":"https:\/\/cbhbaixoparanaiba.meioambiente.go.gov.br\/index.php?rest_route=\/wp\/v2\/types\/page"}],"author":[{"embeddable":true,"href":"https:\/\/cbhbaixoparanaiba.meioambiente.go.gov.br\/index.php?rest_route=\/wp\/v2\/users\/2"}],"replies":[{"embeddable":true,"href":"https:\/\/cbhbaixoparanaiba.meioambiente.go.gov.br\/index.php?rest_route=%2Fwp%2Fv2%2Fcomments&post=58"}],"version-history":[{"count":27,"href":"https:\/\/cbhbaixoparanaiba.meioambiente.go.gov.br\/index.php?rest_route=\/wp\/v2\/pages\/58\/revisions"}],"predecessor-version":[{"id":1122,"href":"https:\/\/cbhbaixoparanaiba.meioambiente.go.gov.br\/index.php?rest_route=\/wp\/v2\/pages\/58\/revisions\/1122"}],"wp:attachment":[{"href":"https:\/\/cbhbaixoparanaiba.meioambiente.go.gov.br\/index.php?rest_route=%2Fwp%2Fv2%2Fmedia&parent=58"}],"curies":[{"name":"wp","href":"https:\/\/api.w.org\/{rel}","templated":true}]}}