{"id":54,"date":"2021-09-08T11:19:06","date_gmt":"2021-09-08T14:19:06","guid":{"rendered":"https:\/\/cbhbaixoparanaiba.meioambiente.go.gov.br\/?page_id=54"},"modified":"2022-03-28T17:04:46","modified_gmt":"2022-03-28T20:04:46","slug":"portarias","status":"publish","type":"page","link":"https:\/\/cbhbaixoparanaiba.meioambiente.go.gov.br\/?page_id=54","title":{"rendered":"Of\u00edcios e Portarias"},"content":{"rendered":"\n<div class=\"wp-block-atomic-blocks-ab-accordion ab-block-accordion\"><details><summary class=\"ab-accordion-title\">Of\u00edcios<\/summary><div class=\"ab-accordion-text\">\n<p><a href=\"https:\/\/cbhbaixoparanaiba.meioambiente.go.gov.br\/wp-content\/uploads\/2022\/03\/Oficio-002-2020-Produto-3.pdf\" data-type=\"URL\" data-id=\"https:\/\/cbhbaixoparanaiba.meioambiente.go.gov.br\/wp-content\/uploads\/2022\/03\/Oficio-002-2020-Produto-3.pdf\" target=\"_blank\" rel=\"noreferrer noopener\">Of\u00edcio 002 &#8211; 2020 &#8211; Produto 3<\/a><\/p>\n\n\n\n<p><a href=\"https:\/\/cbhbaixoparanaiba.meioambiente.go.gov.br\/wp-content\/uploads\/2022\/03\/Oficio-007-2019-Procuracao-Marco-Aurelio-Representacao-XXI-ENCOB.pdf\" data-type=\"URL\" data-id=\"https:\/\/cbhbaixoparanaiba.meioambiente.go.gov.br\/wp-content\/uploads\/2022\/03\/Oficio-007-2019-Procuracao-Marco-Aurelio-Representacao-XXI-ENCOB.pdf\" target=\"_blank\" rel=\"noreferrer noopener\">Of\u00edcio 007 &#8211; 2019 &#8211; Procura\u00e7\u00e3o &#8211; Marco Aur\u00e9lio &#8211; Representa\u00e7\u00e3o XXI ENCOB<\/a><\/p>\n\n\n\n<p><a href=\"https:\/\/cbhbaixoparanaiba.meioambiente.go.gov.br\/wp-content\/uploads\/2022\/03\/Oficio-001-2018-Pesquisa-de-opiniao.pdf\" data-type=\"URL\" data-id=\"https:\/\/cbhbaixoparanaiba.meioambiente.go.gov.br\/wp-content\/uploads\/2022\/03\/Oficio-001-2018-Pesquisa-de-opiniao.pdf\" target=\"_blank\" rel=\"noreferrer noopener\">Oficio 001-2018 &#8211; Pesquisa de opini\u00e3o<\/a><\/p>\n<\/div><\/details><\/div>\n\n\n\n<div class=\"wp-block-atomic-blocks-ab-accordion ab-block-accordion\"><details><summary class=\"ab-accordion-title\">Portarias<\/summary><div class=\"ab-accordion-text\">\n<p><a href=\"https:\/\/cbhbaixoparanaiba.meioambiente.go.gov.br\/wp-content\/uploads\/2022\/03\/Portaria-01-06-2016-Instituir-Grupo-de-Trabalho-de-Educacao-Ambiental.pdf\" data-type=\"URL\" data-id=\"https:\/\/cbhbaixoparanaiba.meioambiente.go.gov.br\/wp-content\/uploads\/2022\/03\/Portaria-01-06-2016-Instituir-Grupo-de-Trabalho-de-Educacao-Ambiental.pdf\" target=\"_blank\" rel=\"noreferrer noopener\">Portaria 01 -06-2016 &#8211; Instituir Grupo de Trabalho de Educa\u00e7\u00e3o Ambiental<\/a><\/p>\n<\/div><\/details><\/div>\n\n\n\n<p><\/p>\n","protected":false},"excerpt":{"rendered":"","protected":false},"author":2,"featured_media":0,"parent":0,"menu_order":0,"comment_status":"closed","ping_status":"closed","template":"general-template.php","meta":{"footnotes":""},"class_list":["post-54","page","type-page","status-publish","hentry"],"featured_image_src":null,"featured_image_src_square":null,"jetpack_sharing_enabled":true,"_links":{"self":[{"href":"https:\/\/cbhbaixoparanaiba.meioambiente.go.gov.br\/index.php?rest_route=\/wp\/v2\/pages\/54","targetHints":{"allow":["GET"]}}],"collection":[{"href":"https:\/\/cbhbaixoparanaiba.meioambiente.go.gov.br\/index.php?rest_route=\/wp\/v2\/pages"}],"about":[{"href":"https:\/\/cbhbaixoparanaiba.meioambiente.go.gov.br\/index.php?rest_route=\/wp\/v2\/types\/page"}],"author":[{"embeddable":true,"href":"https:\/\/cbhbaixoparanaiba.meioambiente.go.gov.br\/index.php?rest_route=\/wp\/v2\/users\/2"}],"replies":[{"embeddable":true,"href":"https:\/\/cbhbaixoparanaiba.meioambiente.go.gov.br\/index.php?rest_route=%2Fwp%2Fv2%2Fcomments&post=54"}],"version-history":[{"count":6,"href":"https:\/\/cbhbaixoparanaiba.meioambiente.go.gov.br\/index.php?rest_route=\/wp\/v2\/pages\/54\/revisions"}],"predecessor-version":[{"id":334,"href":"https:\/\/cbhbaixoparanaiba.meioambiente.go.gov.br\/index.php?rest_route=\/wp\/v2\/pages\/54\/revisions\/334"}],"wp:attachment":[{"href":"https:\/\/cbhbaixoparanaiba.meioambiente.go.gov.br\/index.php?rest_route=%2Fwp%2Fv2%2Fmedia&parent=54"}],"curies":[{"name":"wp","href":"https:\/\/api.w.org\/{rel}","templated":true}]}}