{"id":52,"date":"2021-09-08T11:18:52","date_gmt":"2021-09-08T14:18:52","guid":{"rendered":"https:\/\/cbhbaixoparanaiba.meioambiente.go.gov.br\/?page_id=52"},"modified":"2025-03-26T18:36:17","modified_gmt":"2025-03-26T21:36:17","slug":"deliberacoes","status":"publish","type":"page","link":"https:\/\/cbhbaixoparanaiba.meioambiente.go.gov.br\/?page_id=52","title":{"rendered":"Delibera\u00e7\u00f5es"},"content":{"rendered":"\n<div class=\"wp-block-atomic-blocks-ab-accordion ab-block-accordion ab-font-size-20\"><details><summary class=\"ab-accordion-title\">2025<\/summary><div class=\"ab-accordion-text\">\n<p><a href=\"https:\/\/cbhbaixoparanaiba.meioambiente.go.gov.br\/wp-content\/uploads\/2025\/03\/Deliberacao_019_2025_CBH-Baixo-P_Aprova-PAP_19_02_25_merge.pdf\" data-type=\"link\" data-id=\"https:\/\/cbhbaixoparanaiba.meioambiente.go.gov.br\/wp-content\/uploads\/2025\/03\/Deliberacao_019_2025_CBH-Baixo-P_Aprova-PAP_19_02_25_merge.pdf\">Delibera\u00e7\u00e3o 019 &#8211; 2025 &#8211; Aprova o Plano de Aplica\u00e7\u00e3o Plurianual (PAP) dos recursos origin\u00e1rios da cobran\u00e7a pelo uso de recursos h\u00eddricos na Bacia Hidrogr\u00e1fica dos Afluentes Goianos do Baixo Parana\u00edba, para o exerc\u00edcio de 2025 a 2027.<\/a><\/p>\n<\/div><\/details><\/div>\n\n\n\n<div class=\"wp-block-atomic-blocks-ab-accordion ab-block-accordion ab-font-size-20\"><details><summary class=\"ab-accordion-title\">2024<\/summary><div class=\"ab-accordion-text\">\n<p><a href=\"https:\/\/cbhbaixoparanaiba.meioambiente.go.gov.br\/wp-content\/uploads\/2024\/07\/Deliberacao-018-CBH-Baixo-P-Aprova-Proposta-de-Alteracao-nos-Mecanismos-de-Cobranca-pelo-Uso.pdf\" data-type=\"link\" data-id=\"https:\/\/cbhbaixoparanaiba.meioambiente.go.gov.br\/wp-content\/uploads\/2024\/07\/Deliberacao-018-CBH-Baixo-P-Aprova-Proposta-de-Alteracao-nos-Mecanismos-de-Cobranca-pelo-Uso.pdf\">Delibera\u00e7\u00e3o 018 &#8211; 2024 &#8211; Aprova a proposta de altera\u00e7\u00e3o dos mecanismos de cobran\u00e7a pelo uso dos recursos h\u00eddricos nas Bacias Hidrogr\u00e1ficas dos Afluentes Goianos do Baixo Parana\u00edba.<\/a><\/p>\n\n\n\n<p><br><a href=\"https:\/\/cbhbaixoparanaiba.meioambiente.go.gov.br\/wp-content\/uploads\/2024\/05\/Deliberacao-017-2024-GT-Educacao-Ambiental.pdf\" data-type=\"link\" data-id=\"https:\/\/cbhbaixoparanaiba.meioambiente.go.gov.br\/wp-content\/uploads\/2024\/05\/Deliberacao-017-2024-GT-Educacao-Ambiental.pdf\">Delibera\u00e7\u00e3o 017 &#8211; 2024 &#8211; Aprova a cria\u00e7\u00e3o do Grupo de Trabalho de Educa\u00e7\u00e3o Ambiental<\/a><\/p>\n<\/div><\/details><\/div>\n\n\n\n<div class=\"wp-block-atomic-blocks-ab-accordion ab-block-accordion ab-font-size-20\"><details><summary class=\"ab-accordion-title\">2023<\/summary><div class=\"ab-accordion-text\">\n<p><a href=\"https:\/\/cbhbaixoparanaiba.meioambiente.go.gov.br\/wp-content\/uploads\/2023\/08\/Deliberacao-016-2023-CBH-BAIXO-PARANAIBA-Processo-eleitoral-2023-2027.pdf\" data-type=\"link\" data-id=\"https:\/\/cbhbaixoparanaiba.meioambiente.go.gov.br\/wp-content\/uploads\/2023\/08\/Deliberacao-016-2023-CBH-BAIXO-PARANAIBA-Processo-eleitoral-2023-2027.pdf\">Deliberac\u0327a\u0303o 016-2023 CBH BAIXO PARANAI\u0301BA Processo eleitoral 2023-2027<\/a><\/p>\n\n\n\n<p><a href=\"https:\/\/cbhbaixoparanaiba.meioambiente.go.gov.br\/wp-content\/uploads\/2023\/11\/Deliberacao-015-2023-GT-Acompanhamento-Paranaiba_CBH-Baixo.pdf\" data-type=\"link\" data-id=\"https:\/\/cbhbaixoparanaiba.meioambiente.go.gov.br\/wp-content\/uploads\/2023\/11\/Deliberacao-015-2023-GT-Acompanhamento-Paranaiba_CBH-Baixo.pdf\">Delibera\u00e7\u00e3o 015 &#8211; 2023 &#8211; Aprova a cria\u00e7\u00e3o do Grupo de Trabalho de Acompanhamento da Revis\u00e3o do Plano de Recursos H\u00eddricos<\/a><\/p>\n<\/div><\/details><\/div>\n\n\n\n<div class=\"wp-block-atomic-blocks-ab-accordion ab-block-accordion ab-font-size-20\"><details><summary class=\"ab-accordion-title\">2022<\/summary><div class=\"ab-accordion-text\">\n<p><a href=\"https:\/\/cbhbaixoparanaiba.meioambiente.go.gov.br\/wp-content\/uploads\/2022\/11\/Deliberacao-014-2022-GT-Agua-e-Solo_CBH-Baixo-Paranaiba.pdf\" data-type=\"URL\" data-id=\"https:\/\/cbhbaixoparanaiba.meioambiente.go.gov.br\/wp-content\/uploads\/2022\/11\/Deliberacao-014-2022-GT-Agua-e-Solo_CBH-Baixo-Paranaiba.pdf\" target=\"_blank\" rel=\"noreferrer noopener\">Delibera\u00e7\u00e3o n\u00ba 14 &#8211; Aprova a cria\u00e7\u00e3o do Grupo de Trabalho de conserva\u00e7\u00e3o de \u00e1gua e solo<\/a><\/p>\n<\/div><\/details><\/div>\n\n\n\n<div class=\"wp-block-atomic-blocks-ab-accordion ab-block-accordion ab-font-size-20\"><details><summary class=\"ab-accordion-title\">2021<\/summary><div class=\"ab-accordion-text\">\n<p><a href=\"https:\/\/cbhbaixoparanaiba.meioambiente.go.gov.br\/wp-content\/uploads\/2022\/03\/Deliberacao-no13-Aprova-Enquadramento-CBH-Baixo-Paranaiba.pdf\" data-type=\"URL\" data-id=\"https:\/\/cbhbaixoparanaiba.meioambiente.go.gov.br\/wp-content\/uploads\/2022\/03\/Deliberacao-no13-Aprova-Enquadramento-CBH-Baixo-Paranaiba.pdf\" target=\"_blank\" rel=\"noreferrer noopener\">Delibera\u00e7\u00e3o n\u00ba13 Aprova Enquadramento &#8211; CBH Baixo Parana\u00edba<\/a><\/p>\n\n\n\n<p><a href=\"https:\/\/cbhbaixoparanaiba.meioambiente.go.gov.br\/wp-content\/uploads\/2022\/03\/Deliberacao-no12-Aprova-Plano-CBH-Baixo-Paranaiba.pdf\" data-type=\"URL\" data-id=\"https:\/\/cbhbaixoparanaiba.meioambiente.go.gov.br\/wp-content\/uploads\/2022\/03\/Deliberacao-no12-Aprova-Plano-CBH-Baixo-Paranaiba.pdf\" target=\"_blank\" rel=\"noreferrer noopener\">Delibera\u00e7\u00e3o n\u00ba12 &#8211; Aprova Plano &#8211; CBH Baixo Parana\u00edba<\/a><\/p>\n\n\n\n<p><a href=\"https:\/\/cbhbaixoparanaiba.meioambiente.go.gov.br\/wp-content\/uploads\/2022\/03\/Deliberacao-no-11-GT-Cobranca-Baixo-Paranaiba.pdf\" data-type=\"URL\" data-id=\"https:\/\/cbhbaixoparanaiba.meioambiente.go.gov.br\/wp-content\/uploads\/2022\/03\/Deliberacao-no-11-GT-Cobranca-Baixo-Paranaiba.pdf\" target=\"_blank\" rel=\"noreferrer noopener\">Delibera\u00e7\u00e3o n\u00ba 11 &#8211; GT Cobran\u00e7a Baixo Parana\u00edba<\/a><\/p>\n<\/div><\/details><\/div>\n\n\n\n<div class=\"wp-block-atomic-blocks-ab-accordion ab-block-accordion ab-font-size-20\"><details><summary class=\"ab-accordion-title\">2020<\/summary><div class=\"ab-accordion-text\">\n<p><a href=\"https:\/\/cbhbaixoparanaiba.meioambiente.go.gov.br\/wp-content\/uploads\/2022\/03\/DELIBERACAO-010-ALTERAL-Art-20-NUMERO-DE-REUNIOES.pdf\" data-type=\"URL\" data-id=\"https:\/\/cbhbaixoparanaiba.meioambiente.go.gov.br\/wp-content\/uploads\/2022\/03\/DELIBERACAO-010-ALTERAL-Art-20-NUMERO-DE-REUNIOES.pdf\" target=\"_blank\" rel=\"noreferrer noopener\">Delibera\u00e7\u00e3o n\u00ba10 ALTERAL Art 20 NUMERO DE REUNI\u00d5ES<\/a><\/p>\n\n\n\n<p><a href=\"https:\/\/cbhbaixoparanaiba.meioambiente.go.gov.br\/wp-content\/uploads\/2022\/03\/Deliberacao-009-CBH-B-Paranaiba_GT-Plano.pdf\" data-type=\"URL\" data-id=\"https:\/\/cbhbaixoparanaiba.meioambiente.go.gov.br\/wp-content\/uploads\/2022\/03\/Deliberacao-009-CBH-B-Paranaiba_GT-Plano.pdf\" target=\"_blank\" rel=\"noreferrer noopener\">Delibera\u00e7\u00e3o n\u00ba9 CBH B Parana\u00edba_GT-Plano<\/a><\/p>\n\n\n\n<p><a href=\"https:\/\/cbhbaixoparanaiba.meioambiente.go.gov.br\/wp-content\/uploads\/2022\/03\/Deliberacao-008-CBH-B-Paranaiba_GT-Regimento.pdf\" data-type=\"URL\" data-id=\"https:\/\/cbhbaixoparanaiba.meioambiente.go.gov.br\/wp-content\/uploads\/2022\/03\/Deliberacao-008-CBH-B-Paranaiba_GT-Regimento.pdf\" target=\"_blank\" rel=\"noreferrer noopener\">Delibera\u00e7\u00e3o n\u00ba8 CBH B Parana\u00edba_GT-Regimento<\/a><\/p>\n\n\n\n<p><a href=\"https:\/\/cbhbaixoparanaiba.meioambiente.go.gov.br\/wp-content\/uploads\/2022\/03\/Deliberacao-007-CBH-B-Paranaiba_GT-Educacao-007.pdf\" data-type=\"URL\" data-id=\"https:\/\/cbhbaixoparanaiba.meioambiente.go.gov.br\/wp-content\/uploads\/2022\/03\/Deliberacao-007-CBH-B-Paranaiba_GT-Educacao-007.pdf\" target=\"_blank\" rel=\"noreferrer noopener\">Delibera\u00e7\u00e3o n\u00ba7 CBH B Parana\u00edba_GT-Educa\u00e7\u00e3o 007<\/a><\/p>\n<\/div><\/details><\/div>\n\n\n\n<div class=\"wp-block-atomic-blocks-ab-accordion ab-block-accordion ab-font-size-20\"><details><summary class=\"ab-accordion-title\">2019<\/summary><div class=\"ab-accordion-text\">\n<p><a rel=\"noreferrer noopener\" href=\"https:\/\/cbhbaixoparanaiba.meioambiente.go.gov.br\/wp-content\/uploads\/2022\/03\/Deliberacao-006-CBH-B-Paranaiba-17-de-setembro-de-2019-1-1.pdf\" data-type=\"URL\" data-id=\"https:\/\/cbhbaixoparanaiba.meioambiente.go.gov.br\/wp-content\/uploads\/2022\/03\/Deliberacao-006-CBH-B-Paranaiba-17-de-setembro-de-2019-1-1.pdf\" target=\"_blank\">Delibera\u00e7\u00e3o n\u00ba6 CBH B Parana\u00edba 17 de setembro de 2019 <\/a><\/p>\n\n\n\n<p><a href=\"https:\/\/cbhbaixoparanaiba.meioambiente.go.gov.br\/wp-content\/uploads\/2023\/01\/Deliberacao-N-05-CBH-Baixo-Paranaiba-.pdf\" data-type=\"URL\" data-id=\"https:\/\/cbhbaixoparanaiba.meioambiente.go.gov.br\/wp-content\/uploads\/2023\/01\/Deliberacao-N-05-CBH-Baixo-Paranaiba-.pdf\" target=\"_blank\" rel=\"noreferrer noopener\">Delibera\u00e7\u00e3o n\u00ba5 CBH B Parana\u00edba  29 de Maio de 2019<\/a><\/p>\n<\/div><\/details><\/div>\n\n\n\n<div class=\"wp-block-atomic-blocks-ab-accordion ab-block-accordion ab-font-size-20\"><details><summary class=\"ab-accordion-title\">2016<\/summary><div class=\"ab-accordion-text\">\n<p><a href=\"https:\/\/cbhbaixoparanaiba.meioambiente.go.gov.br\/wp-content\/uploads\/2022\/03\/Deliberacao-003-criterio-de-escolha-gestao-2014-2018.pdf\" data-type=\"URL\" data-id=\"https:\/\/cbhbaixoparanaiba.meioambiente.go.gov.br\/wp-content\/uploads\/2022\/03\/Deliberacao-003-criterio-de-escolha-gestao-2014-2018.pdf\" target=\"_blank\" rel=\"noreferrer noopener\">Delibera\u00e7\u00e3o n\u00ba3 criterio de escolha gest\u00e3o 2014-2018<\/a><\/p>\n<\/div><\/details><\/div>\n\n\n\n<div class=\"wp-block-atomic-blocks-ab-accordion ab-block-accordion ab-font-size-20\"><details><summary class=\"ab-accordion-title\">2013<\/summary><div class=\"ab-accordion-text\">\n<p><a rel=\"noreferrer noopener\" href=\"https:\/\/cbhbaixoparanaiba.meioambiente.go.gov.br\/wp-content\/uploads\/2022\/03\/Deliberacao-001-Regimento-Interno.pdf\" target=\"_blank\">Delibera\u00e7\u00e3o n\u00ba1 Regimento Interno<\/a><\/p>\n<\/div><\/details><\/div>\n\n\n\n<p><\/p>\n","protected":false},"excerpt":{"rendered":"","protected":false},"author":2,"featured_media":0,"parent":0,"menu_order":0,"comment_status":"closed","ping_status":"closed","template":"general-template.php","meta":{"footnotes":""},"class_list":["post-52","page","type-page","status-publish","hentry"],"featured_image_src":null,"featured_image_src_square":null,"jetpack_sharing_enabled":true,"_links":{"self":[{"href":"https:\/\/cbhbaixoparanaiba.meioambiente.go.gov.br\/index.php?rest_route=\/wp\/v2\/pages\/52","targetHints":{"allow":["GET"]}}],"collection":[{"href":"https:\/\/cbhbaixoparanaiba.meioambiente.go.gov.br\/index.php?rest_route=\/wp\/v2\/pages"}],"about":[{"href":"https:\/\/cbhbaixoparanaiba.meioambiente.go.gov.br\/index.php?rest_route=\/wp\/v2\/types\/page"}],"author":[{"embeddable":true,"href":"https:\/\/cbhbaixoparanaiba.meioambiente.go.gov.br\/index.php?rest_route=\/wp\/v2\/users\/2"}],"replies":[{"embeddable":true,"href":"https:\/\/cbhbaixoparanaiba.meioambiente.go.gov.br\/index.php?rest_route=%2Fwp%2Fv2%2Fcomments&post=52"}],"version-history":[{"count":16,"href":"https:\/\/cbhbaixoparanaiba.meioambiente.go.gov.br\/index.php?rest_route=\/wp\/v2\/pages\/52\/revisions"}],"predecessor-version":[{"id":1078,"href":"https:\/\/cbhbaixoparanaiba.meioambiente.go.gov.br\/index.php?rest_route=\/wp\/v2\/pages\/52\/revisions\/1078"}],"wp:attachment":[{"href":"https:\/\/cbhbaixoparanaiba.meioambiente.go.gov.br\/index.php?rest_route=%2Fwp%2Fv2%2Fmedia&parent=52"}],"curies":[{"name":"wp","href":"https:\/\/api.w.org\/{rel}","templated":true}]}}