{"id":30,"date":"2021-09-08T11:15:28","date_gmt":"2021-09-08T14:15:28","guid":{"rendered":"https:\/\/cbhbaixoparanaiba.meioambiente.go.gov.br\/?page_id=30"},"modified":"2024-03-20T23:32:46","modified_gmt":"2024-03-21T02:32:46","slug":"potencialidades","status":"publish","type":"page","link":"https:\/\/cbhbaixoparanaiba.meioambiente.go.gov.br\/?page_id=30","title":{"rendered":"Munic\u00edpios da Bacia"},"content":{"rendered":"\n<p>A \u00e1rea de abrang\u00eancia do Comit\u00ea da Bacia Hidrogr\u00e1fica dos Afluentes goianos do Baixo Parrana\u00edba \u00e9 composta por 19 mun\u00edcipios<\/p>\n\n\n\n<div class=\"wpdt-c row wpDataTableContainerSimpleTable wpDataTables wpDataTablesWrapper\n\"\n    >\n        <table id=\"wpdtSimpleTable-10\"\n           style=\"border-collapse:collapse;\n                   border-spacing:0px;\"\n           class=\"wpdtSimpleTable wpDataTable\"\n           data-column=\"2\"\n           data-rows=\"21\"\n           data-wpID=\"10\"\n           data-responsive=\"0\"\n           data-has-header=\"1\">\n\n                    <thead>        <tr class=\"wpdt-cell-row \" >\n                                <th class=\"wpdt-cell wpdt-bc-0B7ECA wpdt-tc-FFFFFF wpdt-merged-cell \"\n                     colspan=\"2\"  rowspan=\"1\"                     data-cell-id=\"A1\"\n                    data-col-index=\"0\"\n                    data-row-index=\"0\"\n                    style=\" width:100%;                    padding:10px;\n                    \"\n                    >\n                                        Munic\u00edpios com sede na UPGRH                    <\/th>\n                                                    <\/tr>\n                    <tbody>        <tr class=\"wpdt-cell-row odd\" >\n                                <td class=\"wpdt-cell wpdt-bc-0B7ECA wpdt-tc-FFFFFF\"\n                                            data-cell-id=\"A2\"\n                    data-col-index=\"0\"\n                    data-row-index=\"1\"\n                    style=\"                    padding:10px;\n                    \"\n                    >\n                                        Munic\u00edpio                    <\/td>\n                                                <td class=\"wpdt-cell wpdt-bc-0B7ECA wpdt-tc-FFFFFF\"\n                                            data-cell-id=\"B2\"\n                    data-col-index=\"1\"\n                    data-row-index=\"1\"\n                    style=\"                    padding:10px;\n                    \"\n                    >\n                                        Popula\u00e7\u00e3o Estimada em 2022                    <\/td>\n                                        <\/tr>\n                            <tr class=\"wpdt-cell-row even\" >\n                                <td class=\"wpdt-cell \"\n                                            data-cell-id=\"A3\"\n                    data-col-index=\"0\"\n                    data-row-index=\"2\"\n                    style=\"                    padding:10px;\n                    \"\n                    >\n                                        Aparecida do Rio\n  Doce                    <\/td>\n                                                <td class=\"wpdt-cell \"\n                                            data-cell-id=\"B3\"\n                    data-col-index=\"1\"\n                    data-row-index=\"2\"\n                    style=\"                    padding:10px;\n                    \"\n                    >\n                                        2.918                    <\/td>\n                                        <\/tr>\n                            <tr class=\"wpdt-cell-row odd\" >\n                                <td class=\"wpdt-cell \"\n                                            data-cell-id=\"A4\"\n                    data-col-index=\"0\"\n                    data-row-index=\"3\"\n                    style=\"                    padding:10px;\n                    \"\n                    >\n                                        Apor\u00e9                    <\/td>\n                                                <td class=\"wpdt-cell \"\n                                            data-cell-id=\"B4\"\n                    data-col-index=\"1\"\n                    data-row-index=\"3\"\n                    style=\"                    padding:10px;\n                    \"\n                    >\n                                        4.067                    <\/td>\n                                        <\/tr>\n                            <tr class=\"wpdt-cell-row even\" >\n                                <td class=\"wpdt-cell \"\n                                            data-cell-id=\"A5\"\n                    data-col-index=\"0\"\n                    data-row-index=\"4\"\n                    style=\"                    padding:10px;\n                    \"\n                    >\n                                        Cachoeira\n  Alta                    <\/td>\n                                                <td class=\"wpdt-cell \"\n                                            data-cell-id=\"B5\"\n                    data-col-index=\"1\"\n                    data-row-index=\"4\"\n                    style=\"                    padding:10px;\n                    \"\n                    >\n                                        12.488                    <\/td>\n                                        <\/tr>\n                            <tr class=\"wpdt-cell-row odd\" >\n                                <td class=\"wpdt-cell \"\n                                            data-cell-id=\"A6\"\n                    data-col-index=\"0\"\n                    data-row-index=\"5\"\n                    style=\"                    padding:10px;\n                    \"\n                    >\n                                        Ca\u00e7u                    <\/td>\n                                                <td class=\"wpdt-cell \"\n                                            data-cell-id=\"B6\"\n                    data-col-index=\"1\"\n                    data-row-index=\"5\"\n                    style=\"                    padding:10px;\n                    \"\n                    >\n                                        15.049                    <\/td>\n                                        <\/tr>\n                            <tr class=\"wpdt-cell-row even\" >\n                                <td class=\"wpdt-cell \"\n                                            data-cell-id=\"A7\"\n                    data-col-index=\"0\"\n                    data-row-index=\"6\"\n                    style=\"                    padding:10px;\n                    \"\n                    >\n                                        Caiap\u00f4nia                    <\/td>\n                                                <td class=\"wpdt-cell \"\n                                            data-cell-id=\"B7\"\n                    data-col-index=\"1\"\n                    data-row-index=\"6\"\n                    style=\"                    padding:10px;\n                    \"\n                    >\n                                        17.108                    <\/td>\n                                        <\/tr>\n                            <tr class=\"wpdt-cell-row odd\" >\n                                <td class=\"wpdt-cell \"\n                                            data-cell-id=\"A8\"\n                    data-col-index=\"0\"\n                    data-row-index=\"7\"\n                    style=\"                    padding:10px;\n                    \"\n                    >\n                                        Chapad\u00e3o\n  do C\u00e9u                    <\/td>\n                                                <td class=\"wpdt-cell \"\n                                            data-cell-id=\"B8\"\n                    data-col-index=\"1\"\n                    data-row-index=\"7\"\n                    style=\"                    padding:10px;\n                    \"\n                    >\n                                        13.250                    <\/td>\n                                        <\/tr>\n                            <tr class=\"wpdt-cell-row even\" >\n                                <td class=\"wpdt-cell \"\n                                            data-cell-id=\"A9\"\n                    data-col-index=\"0\"\n                    data-row-index=\"8\"\n                    style=\"                    padding:10px;\n                    \"\n                    >\n                                        Gouvel\u00e2ndia                    <\/td>\n                                                <td class=\"wpdt-cell \"\n                                            data-cell-id=\"B9\"\n                    data-col-index=\"1\"\n                    data-row-index=\"8\"\n                    style=\"                    padding:10px;\n                    \"\n                    >\n                                        5.127                    <\/td>\n                                        <\/tr>\n                            <tr class=\"wpdt-cell-row odd\" >\n                                <td class=\"wpdt-cell \"\n                                            data-cell-id=\"A10\"\n                    data-col-index=\"0\"\n                    data-row-index=\"9\"\n                    style=\"                    padding:10px;\n                    \"\n                    >\n                                        Itaj\u00e1                    <\/td>\n                                                <td class=\"wpdt-cell \"\n                                            data-cell-id=\"B10\"\n                    data-col-index=\"1\"\n                    data-row-index=\"9\"\n                    style=\"                    padding:10px;\n                    \"\n                    >\n                                        4.468                    <\/td>\n                                        <\/tr>\n                            <tr class=\"wpdt-cell-row even\" >\n                                <td class=\"wpdt-cell \"\n                                            data-cell-id=\"A11\"\n                    data-col-index=\"0\"\n                    data-row-index=\"10\"\n                    style=\"                    padding:10px;\n                    \"\n                    >\n                                        Itarum\u00e3                    <\/td>\n                                                <td class=\"wpdt-cell \"\n                                            data-cell-id=\"B11\"\n                    data-col-index=\"1\"\n                    data-row-index=\"10\"\n                    style=\"                    padding:10px;\n                    \"\n                    >\n                                        7.029                    <\/td>\n                                        <\/tr>\n                            <tr class=\"wpdt-cell-row odd\" >\n                                <td class=\"wpdt-cell \"\n                                            data-cell-id=\"A12\"\n                    data-col-index=\"0\"\n                    data-row-index=\"11\"\n                    style=\"                    padding:10px;\n                    \"\n                    >\n                                        Jata\u00ed                    <\/td>\n                                                <td class=\"wpdt-cell \"\n                                            data-cell-id=\"B12\"\n                    data-col-index=\"1\"\n                    data-row-index=\"11\"\n                    style=\"                    padding:10px;\n                    \"\n                    >\n                                        104.656                    <\/td>\n                                        <\/tr>\n                            <tr class=\"wpdt-cell-row even\" >\n                                <td class=\"wpdt-cell \"\n                                            data-cell-id=\"A13\"\n                    data-col-index=\"0\"\n                    data-row-index=\"12\"\n                    style=\"                    padding:10px;\n                    \"\n                    >\n                                        Lagoa\n  Santa                    <\/td>\n                                                <td class=\"wpdt-cell \"\n                                            data-cell-id=\"B13\"\n                    data-col-index=\"1\"\n                    data-row-index=\"12\"\n                    style=\"                    padding:10px;\n                    \"\n                    >\n                                        1.568                    <\/td>\n                                        <\/tr>\n                            <tr class=\"wpdt-cell-row odd\" >\n                                <td class=\"wpdt-cell \"\n                                            data-cell-id=\"A14\"\n                    data-col-index=\"0\"\n                    data-row-index=\"13\"\n                    style=\"                    padding:10px;\n                    \"\n                    >\n                                        Mineiros                    <\/td>\n                                                <td class=\"wpdt-cell \"\n                                            data-cell-id=\"B14\"\n                    data-col-index=\"1\"\n                    data-row-index=\"13\"\n                    style=\"                    padding:10px;\n                    \"\n                    >\n                                        71.108                    <\/td>\n                                        <\/tr>\n                            <tr class=\"wpdt-cell-row even\" >\n                                <td class=\"wpdt-cell \"\n                                            data-cell-id=\"A15\"\n                    data-col-index=\"0\"\n                    data-row-index=\"14\"\n                    style=\"                    padding:10px;\n                    \"\n                    >\n                                        Paranaiguara                    <\/td>\n                                                <td class=\"wpdt-cell \"\n                                            data-cell-id=\"B15\"\n                    data-col-index=\"1\"\n                    data-row-index=\"14\"\n                    style=\"                    padding:10px;\n                    \"\n                    >\n                                        9.497                    <\/td>\n                                        <\/tr>\n                            <tr class=\"wpdt-cell-row odd\" >\n                                <td class=\"wpdt-cell \"\n                                            data-cell-id=\"A16\"\n                    data-col-index=\"0\"\n                    data-row-index=\"15\"\n                    style=\"                    padding:10px;\n                    \"\n                    >\n                                        Perol\u00e2ndia                    <\/td>\n                                                <td class=\"wpdt-cell \"\n                                            data-cell-id=\"B16\"\n                    data-col-index=\"1\"\n                    data-row-index=\"15\"\n                    style=\"                    padding:10px;\n                    \"\n                    >\n                                        3.175                    <\/td>\n                                        <\/tr>\n                            <tr class=\"wpdt-cell-row even\" >\n                                <td class=\"wpdt-cell \"\n                                            data-cell-id=\"A17\"\n                    data-col-index=\"0\"\n                    data-row-index=\"16\"\n                    style=\"                    padding:10px;\n                    \"\n                    >\n                                        Portel\u00e2ndia                    <\/td>\n                                                <td class=\"wpdt-cell \"\n                                            data-cell-id=\"B17\"\n                    data-col-index=\"1\"\n                    data-row-index=\"16\"\n                    style=\"                    padding:10px;\n                    \"\n                    >\n                                        3.322                    <\/td>\n                                        <\/tr>\n                            <tr class=\"wpdt-cell-row odd\" >\n                                <td class=\"wpdt-cell \"\n                                            data-cell-id=\"A18\"\n                    data-col-index=\"0\"\n                    data-row-index=\"17\"\n                    style=\"                    padding:10px;\n                    \"\n                    >\n                                        Quirin\u00f3polis                    <\/td>\n                                                <td class=\"wpdt-cell \"\n                                            data-cell-id=\"B18\"\n                    data-col-index=\"1\"\n                    data-row-index=\"17\"\n                    style=\"                    padding:10px;\n                    \"\n                    >\n                                        50.540                    <\/td>\n                                        <\/tr>\n                            <tr class=\"wpdt-cell-row even\" >\n                                <td class=\"wpdt-cell \"\n                                            data-cell-id=\"A19\"\n                    data-col-index=\"0\"\n                    data-row-index=\"18\"\n                    style=\"                    padding:10px;\n                    \"\n                    >\n                                        Rio\n  Verde                    <\/td>\n                                                <td class=\"wpdt-cell \"\n                                            data-cell-id=\"B19\"\n                    data-col-index=\"1\"\n                    data-row-index=\"18\"\n                    style=\"                    padding:10px;\n                    \"\n                    >\n                                        214.607                    <\/td>\n                                        <\/tr>\n                            <tr class=\"wpdt-cell-row odd\" >\n                                <td class=\"wpdt-cell \"\n                                            data-cell-id=\"A20\"\n                    data-col-index=\"0\"\n                    data-row-index=\"19\"\n                    style=\"                    padding:10px;\n                    \"\n                    >\n                                        S\u00e3o\n  Sim\u00e3o                    <\/td>\n                                                <td class=\"wpdt-cell \"\n                                            data-cell-id=\"B20\"\n                    data-col-index=\"1\"\n                    data-row-index=\"19\"\n                    style=\"                    padding:10px;\n                    \"\n                    >\n                                        17.619                    <\/td>\n                                        <\/tr>\n                            <tr class=\"wpdt-cell-row even\" >\n                                <td class=\"wpdt-cell \"\n                                            data-cell-id=\"A21\"\n                    data-col-index=\"0\"\n                    data-row-index=\"20\"\n                    style=\"                    padding:10px;\n                    \"\n                    >\n                                        Serran\u00f3polis                    <\/td>\n                                                <td class=\"wpdt-cell \"\n                                            data-cell-id=\"B21\"\n                    data-col-index=\"1\"\n                    data-row-index=\"20\"\n                    style=\"                    padding:10px;\n                    \"\n                    >\n                                        8.295                    <\/td>\n                                        <\/tr>\n                    <\/table>\n<\/div><style id='wpdt-custom-style-10'>\n.wpdt-bc-0B7ECA { background-color: #0B7ECA !important;}\n.wpdt-tc-FFFFFF { color: #FFFFFF !important;}\n<\/style>\n\n\n\n\n<p>Fonte: <a href=\"http:\/\/pbapgo.meioambiente.go.gov.br\/wp-content\/uploads\/2021\/10\/RT%2002%20Diagn%C3%B3stico%20UPGRH%20Afluentes%20do%20Baixo%20Paranaiba%20V7.pdf\" data-type=\"URL\" data-id=\"http:\/\/pbapgo.meioambiente.go.gov.br\/wp-content\/uploads\/2021\/10\/RT%2002%20Diagn%C3%B3stico%20UPGRH%20Afluentes%20do%20Baixo%20Paranaiba%20V7.pdf\" target=\"_blank\" rel=\"noreferrer noopener\">Diagn\u00f3stico UPGRH Afluentes do Baixo Paranaiba V7.pdf<\/a><\/p>\n\n\n\n<div style=\"height:100px\" aria-hidden=\"true\" class=\"wp-block-spacer\"><\/div>\n\n\n\n<figure class=\"wp-block-image size-large\"><img data-recalc-dims=\"1\" fetchpriority=\"high\" decoding=\"async\" width=\"1024\" height=\"576\" src=\"https:\/\/i0.wp.com\/cbhbaixoparanaiba.meioambiente.go.gov.br\/wp-content\/uploads\/2023\/01\/MapaBaixoParanaiba.jpg?resize=1024%2C576&#038;ssl=1\" alt=\"\" class=\"wp-image-537\" srcset=\"https:\/\/i0.wp.com\/cbhbaixoparanaiba.meioambiente.go.gov.br\/wp-content\/uploads\/2023\/01\/MapaBaixoParanaiba.jpg?resize=1024%2C576&amp;ssl=1 1024w, https:\/\/i0.wp.com\/cbhbaixoparanaiba.meioambiente.go.gov.br\/wp-content\/uploads\/2023\/01\/MapaBaixoParanaiba.jpg?resize=300%2C169&amp;ssl=1 300w, https:\/\/i0.wp.com\/cbhbaixoparanaiba.meioambiente.go.gov.br\/wp-content\/uploads\/2023\/01\/MapaBaixoParanaiba.jpg?resize=768%2C432&amp;ssl=1 768w, https:\/\/i0.wp.com\/cbhbaixoparanaiba.meioambiente.go.gov.br\/wp-content\/uploads\/2023\/01\/MapaBaixoParanaiba.jpg?resize=1536%2C864&amp;ssl=1 1536w, https:\/\/i0.wp.com\/cbhbaixoparanaiba.meioambiente.go.gov.br\/wp-content\/uploads\/2023\/01\/MapaBaixoParanaiba.jpg?w=1920&amp;ssl=1 1920w\" sizes=\"(max-width: 1000px) 100vw, 1000px\" \/><\/figure>\n\n\n<div class=\"wp-block-image\">\n<figure class=\"aligncenter size-full is-resized\"><img data-recalc-dims=\"1\" decoding=\"async\" width=\"534\" height=\"668\" src=\"https:\/\/i0.wp.com\/cbhbaixoparanaiba.meioambiente.go.gov.br\/wp-content\/uploads\/2023\/01\/image.png?resize=534%2C668&#038;ssl=1\" alt=\"\" class=\"wp-image-532\" style=\"width:669px;height:837px\" srcset=\"https:\/\/i0.wp.com\/cbhbaixoparanaiba.meioambiente.go.gov.br\/wp-content\/uploads\/2023\/01\/image.png?w=534&amp;ssl=1 534w, https:\/\/i0.wp.com\/cbhbaixoparanaiba.meioambiente.go.gov.br\/wp-content\/uploads\/2023\/01\/image.png?resize=240%2C300&amp;ssl=1 240w\" sizes=\"(max-width: 534px) 100vw, 534px\" \/><figcaption class=\"wp-element-caption\"><strong>Figura 1-<\/strong> Localiza\u00e7\u00e3o dos munic\u00edpios pertencentes \u00e0 UPGRH Afluentes goianos do Baixo Parana\u00edba.<br>Fonte: SIEG, 2018. Adaptado.<\/figcaption><\/figure>\n<\/div>","protected":false},"excerpt":{"rendered":"<p>A \u00e1rea de abrang\u00eancia do Comit\u00ea da Bacia Hidrogr\u00e1fica dos Afluentes goianos do Baixo Parrana\u00edba \u00e9 composta por 19 mun\u00edcipios Fonte: Diagn\u00f3stico UPGRH Afluentes do Baixo Paranaiba V7.pdf<\/p>\n","protected":false},"author":2,"featured_media":0,"parent":0,"menu_order":0,"comment_status":"closed","ping_status":"closed","template":"general-template.php","meta":{"footnotes":""},"class_list":["post-30","page","type-page","status-publish","hentry"],"featured_image_src":null,"featured_image_src_square":null,"jetpack_sharing_enabled":true,"_links":{"self":[{"href":"https:\/\/cbhbaixoparanaiba.meioambiente.go.gov.br\/index.php?rest_route=\/wp\/v2\/pages\/30","targetHints":{"allow":["GET"]}}],"collection":[{"href":"https:\/\/cbhbaixoparanaiba.meioambiente.go.gov.br\/index.php?rest_route=\/wp\/v2\/pages"}],"about":[{"href":"https:\/\/cbhbaixoparanaiba.meioambiente.go.gov.br\/index.php?rest_route=\/wp\/v2\/types\/page"}],"author":[{"embeddable":true,"href":"https:\/\/cbhbaixoparanaiba.meioambiente.go.gov.br\/index.php?rest_route=\/wp\/v2\/users\/2"}],"replies":[{"embeddable":true,"href":"https:\/\/cbhbaixoparanaiba.meioambiente.go.gov.br\/index.php?rest_route=%2Fwp%2Fv2%2Fcomments&post=30"}],"version-history":[{"count":9,"href":"https:\/\/cbhbaixoparanaiba.meioambiente.go.gov.br\/index.php?rest_route=\/wp\/v2\/pages\/30\/revisions"}],"predecessor-version":[{"id":950,"href":"https:\/\/cbhbaixoparanaiba.meioambiente.go.gov.br\/index.php?rest_route=\/wp\/v2\/pages\/30\/revisions\/950"}],"wp:attachment":[{"href":"https:\/\/cbhbaixoparanaiba.meioambiente.go.gov.br\/index.php?rest_route=%2Fwp%2Fv2%2Fmedia&parent=30"}],"curies":[{"name":"wp","href":"https:\/\/api.w.org\/{rel}","templated":true}]}}