{"id":10,"date":"2021-09-08T11:12:08","date_gmt":"2021-09-08T14:12:08","guid":{"rendered":"https:\/\/cbhbaixoparanaiba.meioambiente.go.gov.br\/?page_id=10"},"modified":"2023-01-31T16:15:10","modified_gmt":"2023-01-31T19:15:10","slug":"sobre-o-cbh-baixo-paranaiba","status":"publish","type":"page","link":"https:\/\/cbhbaixoparanaiba.meioambiente.go.gov.br\/?page_id=10","title":{"rendered":"Sobre o CBH Baixo Parana\u00edba"},"content":{"rendered":"\n<p class=\"has-medium-font-size\">O CBH Baixo Parana\u00edba foi institu\u00eddo em 29 de dezembro de 2011, por meio do decreto n\u00ba 7.535. Ele \u00e9 um \u00f3rg\u00e3o colegiado, com atribui\u00e7\u00f5es deliberativas e consultivas, de n\u00edvel regional e estrat\u00e9gico, do Sistema Estadual de Gerenciamento de Recursos H\u00eddricos. Pelo decreto, a \u00e1rea de atua\u00e7\u00e3o do CBH Baixo Parana\u00edba s\u00e3o as bacias hidrogr\u00e1ficas afluentes ao Rio Parana\u00edba, delimitadas a Oeste pelo Rio Apor\u00e9 e a divisa com o Estado de Mato Grosso do Sul e a Leste pela Bacia Hidrogr\u00e1fica do Rio dos Bois, compreendendo, principalmente, de Leste para Oeste, as Bacias dos rios Rio S\u00e3o Francisco, Rio Preto, Rio Alegre, Ribeir\u00e3o da Mateira, Rio Claro, Rio Verde, Rio Corrente e por\u00e7\u00e3o goiana da Bacia do Rio Apor\u00e9.<\/p>\n\n\n\n<p class=\"has-medium-font-size\">O comit\u00ea dever\u00e1 se reunir periodicamente para tratar de assuntos da bacia, focando no uso da \u00e1gua. Al\u00e9m disso, trabalhar em parceria com a sociedade para a sustentabilidade das Bacias Hidrogr\u00e1ficas da sua \u00e1rea de atua\u00e7\u00e3o.<\/p>\n\n\n\n<p class=\"has-medium-font-size\">Esta Unidade de Planejamento e Gest\u00e3o dos Recursos H\u00eddricos (UPGRH) faz divisa entre os estados de Goi\u00e1s, Mato Grosso do Sul e Minas Gerais. Nela est\u00e3o localizados os munic\u00edpios de Chapad\u00e3o do C\u00e9u, Jata\u00ed, Mineiros, S\u00e3o Sim\u00e3o, Quirin\u00f3polis, Ca\u00e7u, Itaj\u00e1, Itamur\u00e3, Serran\u00f3polis, Cachoeira Alta, Paranaiguara e Portel\u00e2ndia (parcialmente), al\u00e9m do Parque Nacional das Emas, que preserva amostras representativas dos ecossistemas do cerrado. Ao todo, h\u00e1 20 munic\u00edpios com sede nesta UPGRH.<\/p>\n\n\n\n<p class=\"has-medium-font-size\">A agricultura \u00e9 intensa, com destaque para os munic\u00edpios de Jata\u00ed, Mineiros e Chapad\u00e3o do C\u00e9u. O setor sucroalcooleiro predomina em grande parte desta unidade e ainda s\u00e3o observadas algumas Usinas Hidrel\u00e9tricas (UHEs) e Pequenas Centrais Hidrel\u00e9tricas (PCHs) na \u00e1rea. Uma dessas UHEs, a Espora, teve sua barragem rompida em janeiro de 2008, o que provocou a deteriora\u00e7\u00e3o do leito do Rio Corrente, deixando as margens com pouca&nbsp;mata&nbsp;ciliar.<\/p>\n","protected":false},"excerpt":{"rendered":"<p>O CBH Baixo Parana\u00edba foi institu\u00eddo em 29 de dezembro de 2011, por meio do decreto n\u00ba 7.535. Ele \u00e9 um \u00f3rg\u00e3o colegiado, com atribui\u00e7\u00f5es deliberativas e consultivas, de n\u00edvel regional e estrat\u00e9gico, do Sistema Estadual de Gerenciamento de Recursos H\u00eddricos. Pelo decreto, a \u00e1rea de atua\u00e7\u00e3o do CBH Baixo Parana\u00edba s\u00e3o as bacias hidrogr\u00e1ficas [&hellip;]<\/p>\n","protected":false},"author":2,"featured_media":0,"parent":0,"menu_order":0,"comment_status":"closed","ping_status":"closed","template":"general-template.php","meta":{"footnotes":""},"class_list":["post-10","page","type-page","status-publish","hentry"],"featured_image_src":null,"featured_image_src_square":null,"jetpack_sharing_enabled":true,"_links":{"self":[{"href":"https:\/\/cbhbaixoparanaiba.meioambiente.go.gov.br\/index.php?rest_route=\/wp\/v2\/pages\/10","targetHints":{"allow":["GET"]}}],"collection":[{"href":"https:\/\/cbhbaixoparanaiba.meioambiente.go.gov.br\/index.php?rest_route=\/wp\/v2\/pages"}],"about":[{"href":"https:\/\/cbhbaixoparanaiba.meioambiente.go.gov.br\/index.php?rest_route=\/wp\/v2\/types\/page"}],"author":[{"embeddable":true,"href":"https:\/\/cbhbaixoparanaiba.meioambiente.go.gov.br\/index.php?rest_route=\/wp\/v2\/users\/2"}],"replies":[{"embeddable":true,"href":"https:\/\/cbhbaixoparanaiba.meioambiente.go.gov.br\/index.php?rest_route=%2Fwp%2Fv2%2Fcomments&post=10"}],"version-history":[{"count":5,"href":"https:\/\/cbhbaixoparanaiba.meioambiente.go.gov.br\/index.php?rest_route=\/wp\/v2\/pages\/10\/revisions"}],"predecessor-version":[{"id":542,"href":"https:\/\/cbhbaixoparanaiba.meioambiente.go.gov.br\/index.php?rest_route=\/wp\/v2\/pages\/10\/revisions\/542"}],"wp:attachment":[{"href":"https:\/\/cbhbaixoparanaiba.meioambiente.go.gov.br\/index.php?rest_route=%2Fwp%2Fv2%2Fmedia&parent=10"}],"curies":[{"name":"wp","href":"https:\/\/api.w.org\/{rel}","templated":true}]}}